{"id":1101,"date":"2018-08-31T16:49:43","date_gmt":"2018-08-31T19:49:43","guid":{"rendered":"https:\/\/iesfa-tuc.infd.edu.ar\/sitio\/formacion-tecnica-superior-en-gastronomia-2\/"},"modified":"2018-08-31T16:49:43","modified_gmt":"2018-08-31T19:49:43","slug":"formacion-tecnica-superior-en-gastronomia-2","status":"publish","type":"page","link":"https:\/\/iesfa-tuc.infd.edu.ar\/sitio\/formacion-tecnica-superior-en-gastronomia-2\/","title":{"rendered":"Formaci\u00f3n T\u00e9cnica Superior en Gastronom\u00eda"},"content":{"rendered":"<table style=\"width: 692px;\" border=\"0\" cellspacing=\"0\" cellpadding=\"0\">\n<colgroup>\n<col width=\"115\">\n<col width=\"58\">\n<col width=\"267\">\n<col width=\"252\"> <\/colgroup>\n<tbody>\n<tr height=\"32\">\n<td style=\"border: 1px solid #000000; text-align: center;\"><strong><span style=\"font-size: 10pt; font-family: arial,helvetica,sans-serif;\">Fecha<\/span><\/strong><\/td>\n<td style=\"border: 1px solid #000000; text-align: center;\"><strong><span style=\"font-size: 10pt; font-family: arial,helvetica,sans-serif;\">Curso<\/span><\/strong><\/td>\n<td style=\"border: 1px solid #000000; text-align: center;\"><strong><span style=\"font-size: 10pt; font-family: arial,helvetica,sans-serif;\">Asignatura<\/span><\/strong><\/td>\n<td style=\"border: 1px solid #000000; text-align: center;\"><strong><span style=\"font-size: 10pt; font-family: arial,helvetica,sans-serif;\">Tribunal<\/span><\/strong><\/td>\n<\/tr>\n<tr height=\"20\">\n<td style=\"border: 1px solid #000000;\" rowspan=\"2\"><span style=\"font-size: 10pt; font-family: arial, helvetica, sans-serif;\">Mi&eacute;rcoles 18\/02<\/span><\/td>\n<td style=\"border: 1px solid #000000; text-align: center;\"><span style=\"font-size: 10pt; font-family: arial, helvetica, sans-serif;\">1&deg;<\/span><\/td>\n<td style=\"border: 1px solid #000000;\"><span style=\"font-size: 10pt; font-family: arial, helvetica, sans-serif;\">Panader&iacute;a y Pasteler&iacute;a<\/span><\/td>\n<td style=\"border: 1px solid #000000;\"><span style=\"font-size: 10pt; font-family: arial, helvetica, sans-serif;\">Sarralde-Sequeira<\/span><\/td>\n<\/tr>\n<tr height=\"20\">\n<td style=\"border: 1px solid #000000; text-align: center;\"><span style=\"font-size: 10pt; font-family: arial, helvetica, sans-serif;\">2&deg;<\/span><\/td>\n<td style=\"border: 1px solid #000000;\"><span style=\"font-size: 10pt; font-family: arial, helvetica, sans-serif;\">Alimentaci&oacute;n y Bebidas<\/span><\/td>\n<td style=\"border: 1px solid #000000;\"><span style=\"font-size: 10pt; font-family: arial, helvetica, sans-serif;\">Jaime-Morales<\/span><\/td>\n<\/tr>\n<tr height=\"20\">\n<td style=\"border: 1px solid #000000;\" rowspan=\"3\"><span style=\"font-size: 10pt; font-family: arial, helvetica, sans-serif;\">Jueves 19\/02<\/span><\/td>\n<td style=\"border: 1px solid #000000; text-align: center;\"><span style=\"font-size: 10pt; font-family: arial, helvetica, sans-serif;\">1&deg;<\/span><\/td>\n<td style=\"border: 1px solid #000000;\"><span style=\"font-size: 10pt; font-family: arial, helvetica, sans-serif;\">Cocina I<\/span><\/td>\n<td style=\"border: 1px solid #000000;\"><span style=\"font-size: 10pt; font-family: arial, helvetica, sans-serif;\">Sarralde-Morales<\/span><\/td>\n<\/tr>\n<tr height=\"20\">\n<td style=\"border: 1px solid #000000; text-align: center;\"><span style=\"font-size: 10pt; font-family: arial, helvetica, sans-serif;\">2&deg;<\/span><\/td>\n<td style=\"border: 1px solid #000000;\"><span style=\"font-size: 10pt; font-family: arial, helvetica, sans-serif;\">Ingl&eacute;s I<\/span><\/td>\n<td style=\"border: 1px solid #000000;\"><span style=\"font-size: 10pt; font-family: arial, helvetica, sans-serif;\">A.Coronel-S.Peral<\/span><\/td>\n<\/tr>\n<tr height=\"20\">\n<td style=\"border: 1px solid #000000; text-align: center;\"><span style=\"font-size: 10pt; font-family: arial, helvetica, sans-serif;\">3&deg;<\/span><\/td>\n<td style=\"border: 1px solid #000000;\"><span style=\"font-size: 10pt; font-family: arial, helvetica, sans-serif;\">Etica<\/span><\/td>\n<td style=\"border: 1px solid #000000;\"><span style=\"font-size: 10pt; font-family: arial, helvetica, sans-serif;\">D&iacute;az-Peral-Coronel<\/span><\/td>\n<\/tr>\n<tr height=\"20\">\n<td style=\"border: 1px solid #000000;\" rowspan=\"3\"><span style=\"font-size: 10pt; font-family: arial, helvetica, sans-serif;\">Viernes 20\/02<\/span><\/td>\n<td style=\"border: 1px solid #000000; text-align: center;\"><span style=\"font-size: 10pt; font-family: arial, helvetica, sans-serif;\">1&deg;<\/span><\/td>\n<td style=\"border: 1px solid #000000;\"><span style=\"font-size: 10pt; font-family: arial, helvetica, sans-serif;\">Higiene y Seguridad<\/span><\/td>\n<td style=\"border: 1px solid #000000;\"><span style=\"font-size: 10pt; font-family: arial, helvetica, sans-serif;\">Vallejos-Sarralde<\/span><\/td>\n<\/tr>\n<tr height=\"20\">\n<td style=\"border: 1px solid #000000; text-align: center;\"><span style=\"font-size: 10pt; font-family: arial, helvetica, sans-serif;\">2&deg;<\/span><\/td>\n<td style=\"border: 1px solid #000000;\"><span style=\"font-size: 10pt; font-family: arial, helvetica, sans-serif;\">Cocteler&iacute;a<\/span><\/td>\n<td style=\"border: 1px solid #000000;\"><span style=\"font-size: 10pt; font-family: arial, helvetica, sans-serif;\">Vallejos-Sarralde<\/span><\/td>\n<\/tr>\n<tr height=\"20\">\n<td style=\"border: 1px solid #000000; text-align: center;\"><span style=\"font-size: 10pt; font-family: arial, helvetica, sans-serif;\">3&deg;<\/span><\/td>\n<td style=\"border: 1px solid #000000;\"><span style=\"font-size: 10pt; font-family: arial, helvetica, sans-serif;\">Ceremonial y Protocolo<\/span><\/td>\n<td style=\"border: 1px solid #000000;\"><span style=\"font-size: 10pt; font-family: arial, helvetica, sans-serif;\">Mart&iacute;nez-Gaggioti-Augier<\/span><\/td>\n<\/tr>\n<tr height=\"20\">\n<td style=\"border-color: #000000; border-style: solid; border-width: 1px;\" rowspan=\"3\"><span style=\"font-size: 10pt; font-family: arial, helvetica, sans-serif;\">Lunes 23\/02<\/span><\/td>\n<td style=\"border-color: #000000; border-style: solid; border-width: 1px; text-align: center;\"><span style=\"font-size: 10pt; font-family: arial, helvetica, sans-serif;\">1&deg;<\/span><\/td>\n<td style=\"border-color: #000000; border-style: solid; border-width: 1px;\"><span style=\"font-size: 10pt; font-family: arial, helvetica, sans-serif;\">Franc&eacute;s I<\/span><\/td>\n<td style=\"border-color: #000000; border-style: solid; border-width: 1px;\"><span style=\"font-size: 10pt; font-family: arial, helvetica, sans-serif;\">A.S&aacute;nchez<\/span><\/td>\n<\/tr>\n<tr height=\"20\">\n<td style=\"border-color: #000000; border-style: solid; border-width: 1px; text-align: center;\"><span style=\"font-size: 10pt; font-family: arial, helvetica, sans-serif;\">2&deg;<\/span><\/td>\n<td style=\"border-color: #000000; border-style: solid; border-width: 1px;\"><span style=\"font-size: 10pt; font-family: arial, helvetica, sans-serif;\">Franc&eacute;s II<\/span><\/td>\n<td style=\"border-color: #000000; border-style: solid; border-width: 1px;\"><span style=\"font-size: 10pt; font-family: arial, helvetica, sans-serif;\">P.S&aacute;nchez-A.Zarsetti<\/span><\/td>\n<\/tr>\n<tr height=\"20\">\n<td style=\"border-color: #000000; border-style: solid; border-width: 1px; text-align: center;\"><span style=\"font-size: 10pt; font-family: arial, helvetica, sans-serif;\">3&deg;<\/span><\/td>\n<td style=\"border-color: #000000; border-style: solid; border-width: 1px;\"><span style=\"font-size: 10pt; font-family: arial, helvetica, sans-serif;\">Markenting<\/span><\/td>\n<td style=\"border-color: #000000; border-style: solid; border-width: 1px;\"><span style=\"font-size: 10pt; font-family: arial, helvetica, sans-serif;\">&nbsp;<\/span><\/td>\n<\/tr>\n<tr height=\"20\">\n<td style=\"border-color: #000000; border-style: solid; border-width: 1px;\" rowspan=\"3\"><span style=\"font-size: 10pt; font-family: arial, helvetica, sans-serif;\">Martes 24\/02<\/span><\/td>\n<td style=\"border-color: #000000; border-style: solid; border-width: 1px; text-align: center;\"><span style=\"font-size: 10pt; font-family: arial, helvetica, sans-serif;\">1&deg;<\/span><\/td>\n<td style=\"border-color: #000000; border-style: solid; border-width: 1px;\"><span style=\"font-size: 10pt; font-family: arial, helvetica, sans-serif;\">Bromatolog&iacute;a<\/span><\/td>\n<td style=\"border-color: #000000; border-style: solid; border-width: 1px;\"><span style=\"font-size: 10pt; font-family: arial, helvetica, sans-serif;\">C.Vallejos-R.Zelaray&aacute;n<\/span><\/td>\n<\/tr>\n<tr height=\"20\">\n<td style=\"border-color: #000000; border-style: solid; border-width: 1px; text-align: center;\"><span style=\"font-size: 10pt; font-family: arial, helvetica, sans-serif;\">2&deg;<\/span><\/td>\n<td style=\"border-color: #000000; border-style: solid; border-width: 1px;\"><span style=\"font-size: 10pt; font-family: arial, helvetica, sans-serif;\">Cocina II<\/span><\/td>\n<td style=\"border-color: #000000; border-style: solid; border-width: 1px;\"><span style=\"font-size: 10pt; font-family: arial, helvetica, sans-serif;\">Sequeira-L.Medina<\/span><\/td>\n<\/tr>\n<tr height=\"20\">\n<td style=\"border-color: #000000; border-style: solid; border-width: 1px; text-align: center;\"><span style=\"font-size: 10pt; font-family: arial, helvetica, sans-serif;\">3&deg;<\/span><\/td>\n<td style=\"border-color: #000000; border-style: solid; border-width: 1px;\"><span style=\"font-size: 10pt; font-family: arial, helvetica, sans-serif;\">Costos<\/span><\/td>\n<td style=\"border-color: #000000; border-style: solid; border-width: 1px;\"><span style=\"font-size: 10pt; font-family: arial, helvetica, sans-serif;\">E.Van Nieuwenhove-Campos<\/span><\/td>\n<\/tr>\n<tr height=\"20\">\n<td style=\"border-color: #000000; border-style: solid; border-width: 1px;\" rowspan=\"2\"><span style=\"font-size: 10pt; font-family: arial, helvetica, sans-serif;\">Mi&eacute;rcoles 25\/02<\/span><\/td>\n<td style=\"border-color: #000000; border-style: solid; border-width: 1px; text-align: center;\"><span style=\"font-size: 10pt; font-family: arial, helvetica, sans-serif;\">1&deg;<\/span><\/td>\n<td style=\"border-color: #000000; border-style: solid; border-width: 1px;\"><span style=\"font-size: 10pt; font-family: arial, helvetica, sans-serif;\">Pr&aacute;ctica Profesionalizante I<\/span><\/td>\n<td style=\"border-color: #000000; border-style: solid; border-width: 1px;\"><span style=\"font-size: 10pt; font-family: arial, helvetica, sans-serif;\">Morales-Jaime<\/span><\/td>\n<\/tr>\n<tr height=\"20\">\n<td style=\"border-color: #000000; border-style: solid; border-width: 1px; text-align: center;\"><span style=\"font-size: 10pt; font-family: arial, helvetica, sans-serif;\">2&deg;<\/span><\/td>\n<td style=\"border-color: #000000; border-style: solid; border-width: 1px;\"><span style=\"font-size: 10pt; font-family: arial, helvetica, sans-serif;\">Reposter&iacute;a y Decoraci&oacute;n<\/span><\/td>\n<td style=\"border-color: #000000; border-style: solid; border-width: 1px;\"><span style=\"font-size: 10pt; font-family: arial, helvetica, sans-serif;\">Sequeira-Sarralde<\/span><\/td>\n<\/tr>\n<tr height=\"20\">\n<td style=\"border-color: #000000; border-style: solid; border-width: 1px;\" rowspan=\"2\"><span style=\"font-size: 10pt; font-family: arial, helvetica, sans-serif;\">Jueves 26\/02<\/span><\/td>\n<td style=\"border-color: #000000; border-style: solid; border-width: 1px; text-align: center;\"><span style=\"font-size: 10pt; font-family: arial, helvetica, sans-serif;\">2&deg;<\/span><\/td>\n<td style=\"border-color: #000000; border-style: solid; border-width: 1px;\"><span style=\"font-size: 10pt; font-family: arial, helvetica, sans-serif;\">Pr&aacute;ctica Profesionalizante II<\/span><\/td>\n<td style=\"border-color: #000000; border-style: solid; border-width: 1px;\"><span style=\"font-size: 10pt; font-family: arial, helvetica, sans-serif;\">Morales-N.D&iacute;az-A.Coronel<\/span><\/td>\n<\/tr>\n<tr height=\"20\">\n<td style=\"border-color: #000000; border-style: solid; border-width: 1px; text-align: center;\"><span style=\"font-size: 10pt; font-family: arial, helvetica, sans-serif;\">3&deg;<\/span><\/td>\n<td style=\"border-color: #000000; border-style: solid; border-width: 1px;\"><span style=\"font-size: 10pt; font-family: arial, helvetica, sans-serif;\">Gesti&oacute;n de Personal<\/span><\/td>\n<td style=\"border-color: #000000; border-style: solid; border-width: 1px;\"><span style=\"font-size: 10pt; font-family: arial, helvetica, sans-serif;\">S.Peral-Morales-Sarralde<\/span><\/td>\n<\/tr>\n<tr height=\"20\">\n<td style=\"border-color: #000000; border-style: solid; border-width: 1px;\" rowspan=\"2\"><span style=\"font-size: 10pt; font-family: arial, helvetica, sans-serif;\">Viernes 27\/02<\/span><\/td>\n<td style=\"border-color: #000000; border-style: solid; border-width: 1px; text-align: center;\"><span style=\"font-size: 10pt; font-family: arial, helvetica, sans-serif;\">1&deg;<\/span><\/td>\n<td style=\"border-color: #000000; border-style: solid; border-width: 1px;\"><span style=\"font-size: 10pt; font-family: arial, helvetica, sans-serif;\">Inform&aacute;tica<\/span><\/td>\n<td style=\"border-color: #000000; border-style: solid; border-width: 1px;\"><span style=\"font-size: 10pt; font-family: arial, helvetica, sans-serif;\">Gaggiotti<\/span><\/td>\n<\/tr>\n<tr height=\"20\">\n<td style=\"border-color: #000000; border-style: solid; border-width: 1px; text-align: center;\"><span style=\"font-size: 10pt; font-family: arial, helvetica, sans-serif;\">3&deg;<\/span><\/td>\n<td style=\"border-color: #000000; border-style: solid; border-width: 1px;\"><span style=\"font-size: 10pt; font-family: arial, helvetica, sans-serif;\">Organizaci&oacute;n de Eventos y Catering<\/span><\/td>\n<td style=\"border-color: #000000; border-style: solid; border-width: 1px;\"><span style=\"font-size: 10pt; font-family: arial, helvetica, sans-serif;\">Augier-Mart&iacute;nez-Gaggiotti<\/span><\/td>\n<\/tr>\n<tr height=\"20\">\n<td style=\"border-color: #000000; border-style: solid; border-width: 1px;\" rowspan=\"2\"><span style=\"font-size: 10pt; font-family: arial, helvetica, sans-serif;\">Lunes 02\/03<\/span><\/td>\n<td style=\"border-color: #000000; border-style: solid; border-width: 1px; text-align: center;\"><span style=\"font-size: 10pt; font-family: arial, helvetica, sans-serif;\">2&deg;<\/span><\/td>\n<td style=\"border-color: #000000; border-style: solid; border-width: 1px;\"><span style=\"font-size: 10pt; font-family: arial, helvetica, sans-serif;\">Turismo Cultural<\/span><\/td>\n<td style=\"border-color: #000000; border-style: solid; border-width: 1px;\"><span style=\"font-size: 10pt; font-family: arial, helvetica, sans-serif;\">Zarsetti-P.S&aacute;nchez<\/span><\/td>\n<\/tr>\n<tr height=\"20\">\n<td style=\"border-color: #000000; border-style: solid; border-width: 1px; text-align: center;\"><span style=\"font-size: 10pt; font-family: arial, helvetica, sans-serif;\">3&deg;<\/span><\/td>\n<td style=\"border-color: #000000; border-style: solid; border-width: 1px;\"><span style=\"font-size: 10pt; font-family: arial, helvetica, sans-serif;\">Ingl&eacute;s T&eacute;cnico<\/span><\/td>\n<td style=\"border-color: #000000; border-style: solid; border-width: 1px;\"><span style=\"font-size: 10pt; font-family: arial, helvetica, sans-serif;\">L.Medina-A.S&aacute;nchez<\/span><\/td>\n<\/tr>\n<tr height=\"20\">\n<td style=\"border-color: #000000; border-style: solid; border-width: 1px;\" rowspan=\"3\"><span style=\"font-size: 10pt; font-family: arial, helvetica, sans-serif;\">Martes 03\/03<\/span><\/td>\n<td style=\"border-color: #000000; border-style: solid; border-width: 1px; text-align: center;\"><span style=\"font-size: 10pt; font-family: arial, helvetica, sans-serif;\">1&deg;<\/span><\/td>\n<td style=\"border-color: #000000; border-style: solid; border-width: 1px;\"><span style=\"font-size: 10pt; font-family: arial, helvetica, sans-serif;\">Introducci&oacute;n a la Gastronom&iacute;a<\/span><\/td>\n<td style=\"border-color: #000000; border-style: solid; border-width: 1px;\"><span style=\"font-size: 10pt; font-family: arial, helvetica, sans-serif;\">Sequeira-Zelaray&aacute;n-Vallejos<\/span><\/td>\n<\/tr>\n<tr height=\"20\">\n<td style=\"border-color: #000000; border-style: solid; border-width: 1px; text-align: center;\"><span style=\"font-size: 10pt; font-family: arial, helvetica, sans-serif;\">2&deg;<\/span><\/td>\n<td style=\"border-color: #000000; border-style: solid; border-width: 1px;\"><span style=\"font-size: 10pt; font-family: arial, helvetica, sans-serif;\">Conservas y Embutidos<\/span><\/td>\n<td style=\"border-color: #000000; border-style: solid; border-width: 1px;\"><span style=\"font-size: 10pt; font-family: arial, helvetica, sans-serif;\">Zelaray&aacute;n-Sequeira-Vallejos<\/span><\/td>\n<\/tr>\n<tr height=\"20\">\n<td style=\"border-color: #000000; border-style: solid; border-width: 1px; text-align: center;\"><span style=\"font-size: 10pt; font-family: arial, helvetica, sans-serif;\">3&deg;<\/span><\/td>\n<td style=\"border-color: #000000; border-style: solid; border-width: 1px;\"><span style=\"font-size: 10pt; font-family: arial, helvetica, sans-serif;\">Contabilidad<\/span><\/td>\n<td style=\"border-color: #000000; border-style: solid; border-width: 1px;\"><span style=\"font-size: 10pt; font-family: arial, helvetica, sans-serif;\">C.Campos-E.Van Nieuwenhove-L-Medina<\/span><\/td>\n<\/tr>\n<tr height=\"20\">\n<td style=\"border-color: #000000; border-style: solid; border-width: 1px;\" rowspan=\"3\"><span style=\"font-size: 10pt; font-family: arial, helvetica, sans-serif;\">Mi&eacute;rcoles 04\/03<\/span><\/td>\n<td style=\"border-color: #000000; border-style: solid; border-width: 1px; text-align: center;\"><span style=\"font-size: 10pt; font-family: arial, helvetica, sans-serif;\">1&deg;<\/span><\/td>\n<td style=\"border-color: #000000; border-style: solid; border-width: 1px;\"><span style=\"font-size: 10pt; font-family: arial, helvetica, sans-serif;\">Nutrici&oacute;n<\/span><\/td>\n<td style=\"border-color: #000000; border-style: solid; border-width: 1px;\"><span style=\"font-size: 10pt; font-family: arial, helvetica, sans-serif;\">Jaime-Morales<\/span><\/td>\n<\/tr>\n<tr height=\"20\">\n<td style=\"border-color: #000000; border-style: solid; border-width: 1px; text-align: center;\"><span style=\"font-size: 10pt; font-family: arial, helvetica, sans-serif;\">2&deg;<\/span><\/td>\n<td style=\"border-color: #000000; border-style: solid; border-width: 1px;\"><span style=\"font-size: 10pt; font-family: arial, helvetica, sans-serif;\">Enolog&iacute;a<\/span><\/td>\n<td style=\"border-color: #000000; border-style: solid; border-width: 1px;\"><span style=\"font-size: 10pt; font-family: arial, helvetica, sans-serif;\">Sarralde-Filgueira<\/span><\/td>\n<\/tr>\n<tr height=\"20\">\n<td style=\"border-color: #000000; border-style: solid; border-width: 1px; text-align: center;\"><span style=\"font-size: 10pt; font-family: arial, helvetica, sans-serif;\">3&deg;<\/span><\/td>\n<td style=\"border-color: #000000; border-style: solid; border-width: 1px;\"><span style=\"font-size: 10pt; font-family: arial, helvetica, sans-serif;\">Cocina III<\/span><\/td>\n<td style=\"border-color: #000000; border-style: solid; border-width: 1px;\"><span style=\"font-size: 10pt; font-family: arial, helvetica, sans-serif;\">Sequeira<\/span><\/td>\n<\/tr>\n<tr height=\"20\">\n<td style=\"border-color: #000000; border-style: solid; border-width: 1px;\"><span style=\"font-size: 10pt; font-family: arial, helvetica, sans-serif;\">Viernes 06\/03<\/span><\/td>\n<td style=\"border-color: #000000; border-style: solid; border-width: 1px; text-align: center;\"><span style=\"font-size: 10pt; font-family: arial, helvetica, sans-serif;\">3&deg;<\/span><\/td>\n<td style=\"border-color: #000000; border-style: solid; border-width: 1px;\"><span style=\"font-size: 10pt; font-family: arial, helvetica, sans-serif;\">Enolog&iacute;a<\/span><\/td>\n<td style=\"border-color: #000000; border-style: solid; border-width: 1px;\"><span style=\"font-size: 10pt; font-family: arial, helvetica, sans-serif;\">Sarralde-Augier-Gaggiotti<\/span><\/td>\n<\/tr>\n<tr height=\"20\">\n<td style=\"border-color: #000000; border-style: solid; border-width: 1px;\"><span style=\"font-size: 10pt; font-family: arial, helvetica, sans-serif;\">Mi&eacute;rcoles 11\/03<\/span><\/td>\n<td style=\"border-color: #000000; border-style: solid; border-width: 1px; text-align: center;\"><span style=\"font-size: 10pt; font-family: arial, helvetica, sans-serif;\">3&deg;<\/span><\/td>\n<td style=\"border-color: #000000; border-style: solid; border-width: 1px;\"><span style=\"font-size: 10pt; font-family: arial, helvetica, sans-serif;\">Pr&aacute;ctica Profesionalizante III<\/span><\/td>\n<td style=\"border-color: #000000; border-style: solid; border-width: 1px;\"><span style=\"font-size: 10pt; font-family: arial, helvetica, sans-serif;\">Jaime-A.S&aacute;nchez-P.S&aacute;nchez<\/span><\/td>\n<\/tr>\n<\/tbody>\n<p>&nbsp;<\/p>\n<p class=\"Titulo_resaltado\"><span style=\"font-size: 12pt;\">Importante:<\/span><\/p>\n<p><span style=\"font-size: 12pt;\">&nbsp;<\/span><\/p>\n<p><span style=\"font-size: 12pt;\">Fechas de inscripci&oacute;n Mesas de Examen Febrero &#8211; Marzo 2015&nbsp;<strong>&uacute;nicamente<\/strong>&nbsp;los d&iacute;as:<\/span><\/p>\n<p><span style=\"font-size: 12pt;\">&nbsp;<\/span><\/p>\n<ul>\n<li><span style=\"font-size: 12pt;\">Martes 10 de Febrero de 18:30 a 22:00hs.<\/span><\/li>\n<li><span style=\"font-size: 12pt;\">Mi&eacute;rcoles 11 de Febrero de 18:30 a 22:00hs.<\/span><\/li>\n<li><span style=\"font-size: 12pt;\">Jueves 12 de Febrero de de 18:30 a 22:00hs.<\/span><\/li>\n<\/ul>\n<p>&nbsp;<\/p>\n<\/table>\n","protected":false},"excerpt":{"rendered":"<p>Fecha Curso Asignatura Tribunal Mi&eacute;rcoles 18\/02 1&deg; Panader&iacute;a y Pasteler&iacute;a Sarralde-Sequeira 2&deg; Alimentaci&oacute;n y Bebidas Jaime-Morales Jueves 19\/02 1&deg; Cocina I Sarralde-Morales 2&deg; Ingl&eacute;s I A.Coronel-S.Peral 3&deg; Etica D&iacute;az-Peral-Coronel Viernes 20\/02 1&deg; Higiene y Seguridad Vallejos-Sarralde 2&deg; Cocteler&iacute;a Vallejos-Sarralde 3&deg; Ceremonial y Protocolo Mart&iacute;nez-Gaggioti-Augier Lunes 23\/02 1&deg; Franc&eacute;s I A.S&aacute;nchez 2&deg; Franc&eacute;s II P.S&aacute;nchez-A.Zarsetti 3&deg; &#8230; <a title=\"Formaci\u00f3n T\u00e9cnica Superior en Gastronom\u00eda\" class=\"read-more\" href=\"https:\/\/iesfa-tuc.infd.edu.ar\/sitio\/formacion-tecnica-superior-en-gastronomia-2\/\" aria-label=\"More on Formaci\u00f3n T\u00e9cnica Superior en Gastronom\u00eda\">[+]<\/a><\/p>\n","protected":false},"author":1468,"featured_media":0,"parent":0,"menu_order":0,"comment_status":"closed","ping_status":"closed","template":"","meta":[],"acf":[],"_links":{"self":[{"href":"https:\/\/iesfa-tuc.infd.edu.ar\/sitio\/wp-json\/wp\/v2\/pages\/1101"}],"collection":[{"href":"https:\/\/iesfa-tuc.infd.edu.ar\/sitio\/wp-json\/wp\/v2\/pages"}],"about":[{"href":"https:\/\/iesfa-tuc.infd.edu.ar\/sitio\/wp-json\/wp\/v2\/types\/page"}],"author":[{"embeddable":true,"href":"https:\/\/iesfa-tuc.infd.edu.ar\/sitio\/wp-json\/wp\/v2\/users\/1468"}],"replies":[{"embeddable":true,"href":"https:\/\/iesfa-tuc.infd.edu.ar\/sitio\/wp-json\/wp\/v2\/comments?post=1101"}],"version-history":[{"count":0,"href":"https:\/\/iesfa-tuc.infd.edu.ar\/sitio\/wp-json\/wp\/v2\/pages\/1101\/revisions"}],"wp:attachment":[{"href":"https:\/\/iesfa-tuc.infd.edu.ar\/sitio\/wp-json\/wp\/v2\/media?parent=1101"}],"curies":[{"name":"wp","href":"https:\/\/api.w.org\/{rel}","templated":true}]}}