{"id":968,"date":"2018-08-31T16:48:54","date_gmt":"2018-08-31T19:48:54","guid":{"rendered":"https:\/\/iesfa-tuc.infd.edu.ar\/sitio\/formacion-tecnica-superior-en-gastronomia\/"},"modified":"2018-08-31T16:48:54","modified_gmt":"2018-08-31T19:48:54","slug":"formacion-tecnica-superior-en-gastronomia","status":"publish","type":"page","link":"https:\/\/iesfa-tuc.infd.edu.ar\/sitio\/formacion-tecnica-superior-en-gastronomia\/","title":{"rendered":"Formaci\u00f3n T\u00e9cnica Superior en Gastronom\u00eda"},"content":{"rendered":"<p><img decoding=\"async\" loading=\"lazy\" style=\"display: block; margin-left: auto; margin-right: auto;\" src=\"http:\/\/images02.olx.com.co\/ui\/2\/12\/94\/24110894_1.jpg\" border=\"0\" width=\"360\" height=\"450\"><\/p>\n<p style=\"text-align: center;\"><strong><span style=\"font-size: 14pt; color: #008000;\">Las mejores Web Top de Cocina, Pasteler&iacute;a y Cosas Ricas<\/span><\/strong><\/p>\n<ol>\n<li><a class=\"v\" href=\"http:\/\/www.karlosnet.com\/\" target=\"_blank\">Karlos Argui&ntilde;ano<\/a><\/li>\n<li><a title=\"Suplemento La Gaceta. Blog de Jaime\" href=\"http:\/\/lagaceta.com.ar\/blogs\/lacocinadejaime\" target=\"_blank\">La Cocina de Jaime.<\/a>&nbsp;Blog de un chef en casa por Jaime Radusky<\/li>\n<li><a class=\"v\" href=\"http:\/\/www.geocities.com\/Napavalley\/kitchen\/2525\/esp\/index.html\" target=\"_blank\">Cocina de Laura<\/a><\/li>\n<li><a title=\"Maru Botana\" href=\"http:\/\/recetas.revistamaru.com\/landing.tortas.html?gclid=CMGuxsbPoLECFQmd7QodFWiJXQ\" target=\"_blank\">Maru Botana<\/a>. Blog de Tortas<\/li>\n<li><a title=\"Oliver Balteo\" href=\"http:\/\/oliverbalteo.blogspot.com.ar\/\" target=\"_blank\">Oliver Balteo<\/a>. Blog del Chef formador<\/li>\n<li><a title=\"Chef Enrique Fr&iacute;as\" href=\"http:\/\/chefenriquefrias.blogspot.com.ar\/\" target=\"_blank\">Enrique Fr&iacute;as<\/a>. Blog del Chef<\/li>\n<li><a href=\"http:\/\/ingenieriagastronomica.blogspot.com.ar\/\" target=\"_blank\">Ingenier&iacute;a Gastron&oacute;mica<\/a><\/li>\n<li><a class=\"v\" href=\"http:\/\/www.alamesa.com\/\" target=\"_blank\">A la Mesa<\/a><\/li>\n<li><a title=\"El Gran Chef\" href=\"http:\/\/www.elgranchef.com\/2010\/12\/04\/comidas-navidenas-argentinas\" target=\"_blank\">El Gran Chef.<\/a> Comidas navide&ntilde;as argentinas<\/li>\n<li><a title=\"unirecetas\" href=\"http:\/\/www.unirecetas.com\/\" target=\"_blank\">Comunidad de Recetas F&aacute;ciles<\/a><\/li>\n<li><a title=\"Todo Caserito\" href=\"http:\/\/mar-todocaserito3.blogspot.com.ar\/2011\/02\/apfel-kuchen-torta-de-manzanas-receta.html\" target=\"_blank\">Todo Caserito<\/a><\/li>\n<li><a href=\"http:\/\/www.gabrielaclavoycanela.com\/\" target=\"_blank\">Gabriela, Clavo y Canela<\/a><\/li>\n<li><a class=\"v\" href=\"http:\/\/www.geocities.com\/Paris\/Rue\/4423\/castellano.htm\" target=\"_blank\">El Placer de Cocinar<\/a><\/li>\n<li><a class=\"v\" href=\"http:\/\/www.mundovegetariano.com\/\" target=\"_blank\">Mundo Vegetariano<\/a><\/li>\n<li><a class=\"v\" href=\"http:\/\/www.apicius.es\/\" target=\"_blank\">Apicius<\/a><span class=\"Normal\">&nbsp;Revista de gastronom&iacute;a<\/span><\/li>\n<li><a class=\"v\" href=\"http:\/\/www.vinoteca.com\/\" target=\"_blank\">Vinoteca<\/a><span class=\"Normal\">&nbsp;Su asesor del vino<\/span><\/li>\n<li><a class=\"v\" href=\"http:\/\/www.elgastronomo.com\/\" target=\"_blank\">El Gastronomo<\/a><span class=\"Normal\">&nbsp;Rutas gastronomicas de Espa&ntilde;a, consejos, tienda<\/span><\/li>\n<li><a class=\"v\" href=\"http:\/\/www.bongust.com\/portada.ats\" target=\"_blank\">A fuego lento<\/a><\/li>\n<li><a class=\"v\" href=\"http:\/\/www.manducare.com\/\" target=\"_blank\">Manducare<\/a><span class=\"Normal\">&nbsp;Manjares y vinos de Espa&ntilde;a. Curso de cata de vinos<\/span><\/li>\n<li><a class=\"v\" href=\"http:\/\/cocinadelmundo.com\/\" target=\"_blank\">Cocina del mundo<\/a><span class=\"Normal\">&nbsp;Mas de 1000 recetas<\/span><\/li>\n<li><a class=\"v\" href=\"http:\/\/www.geocities.com\/NapaValley\/Vineyard\/9473\/garbanzo.html\" target=\"_blank\">Cocido Madrile&ntilde;o<\/a><\/li>\n<li><a class=\"v\" href=\"http:\/\/www.aldente.com.ar\/\" target=\"_blank\">Aldente La Pasta<\/a><\/li>\n<li><a class=\"v\" href=\"http:\/\/www.gastronova.com\/\" target=\"_blank\">Gastronova<\/a><\/li>\n<li><a class=\"v\" href=\"http:\/\/www.donselecto.com\/\" target=\"_blank\">Don Selecto<\/a><span class=\"Normal\">&nbsp;Denominaciones de Origen<\/span><\/li>\n<li><a class=\"v\" href=\"http:\/\/www.elcomercio-sa.es\/gastronomia\/\" target=\"_blank\">Canal Gastronomico<\/a><span class=\"Normal\">&nbsp;Diario el Comercio<\/span><\/li>\n<li><a class=\"v\" href=\"http:\/\/teleline.terra.es\/personal\/aiolozil\/home.htm\" target=\"_blank\">Sociedad Gastron&oacute;mica Zapardiel<\/a><\/li>\n<li><a class=\"v\" href=\"http:\/\/www.redalternativa.com\/receta.htm\" target=\"_blank\">Red alternativa<\/a><span class=\"Normal\">&nbsp;Recetas sanas y naturales<\/span><\/li>\n<li><a class=\"v\" href=\"http:\/\/www.nestle.es\/index2.htm\" target=\"_blank\">Nestle<\/a><span class=\"Normal\">&nbsp;La web que mas alimenta<\/span><\/li>\n<li><a class=\"v\" href=\"http:\/\/www.accua.com\/\" target=\"_blank\">Accua<\/a>&nbsp;Restaurantes, cocinas, &#8230;,<\/li>\n<li><a class=\"v\" href=\"http:\/\/charla-gastronomia.iespana.es\/charla-gastronomia\/\" target=\"_blank\">Charla-gastronomia<\/a><span class=\"Normal\">&nbsp;Las mejores recetas espa&ntilde;olas<\/span><\/li>\n<li><a class=\"v\" href=\"http:\/\/www.elpavo.es\/\" target=\"_blank\">El Pavo<\/a>&nbsp;Recetas de pasta<\/li>\n<li><a class=\"v\" href=\"http:\/\/www.argentinavinos.com\/\" target=\"_blank\">Argentina Vinos<\/a><\/li>\n<li><a class=\"v\" href=\"http:\/\/www.tipicodecantabria.com\/\" target=\"_blank\">T&iacute;pico de Cantabria<\/a><span class=\"Normal\">&nbsp;Todos los productos t&iacute;picos de Cantabria<\/span><\/li>\n<li><a class=\"v\" href=\"http:\/\/www.lacocinasana.com\/\" target=\"_blank\">La cocina sana<\/a><\/li>\n<li><a class=\"v\" href=\"http:\/\/www.geocities.com\/jvilaper\/cerveza.htm\" target=\"_blank\">El Mundo de la Cerveza<\/a><span class=\"Normal\">&nbsp;El paraiso de los Cerveceros<\/span><\/li>\n<li><a class=\"v\" href=\"http:\/\/www.comercomer.com\/\" target=\"_blank\">Comercomer<\/a><span class=\"Normal\">&nbsp;Restaurantes&nbsp; comidas a domicilio<\/span><\/li>\n<li><a class=\"v\" href=\"http:\/\/www.ibergourmet.com\/\" target=\"_blank\">Ibergourmet<\/a><\/li>\n<li><a class=\"v\" href=\"http:\/\/www.menudeldia.com\/\" target=\"_blank\">Men&uacute; del d&iacute;a<\/a><span class=\"Normal\">&nbsp;El men&uacute; del d&iacute;a en tus restaurantes favoritos<\/span><\/li>\n<li><a class=\"v\" href=\"http:\/\/www.gastronova.com\/\" target=\"_blank\">Gastronova<\/a><span class=\"Normal\">&nbsp;Revista digital de gastronom&iacute;a<\/span><\/li>\n<li><a class=\"v\" href=\"http:\/\/www.quesos.com\/\" target=\"_blank\">Quesos<\/a><\/li>\n<li><a class=\"v\" href=\"http:\/\/www.bacalao-dorado.com\/\" target=\"_blank\">Bacalao-dorado<\/a><span class=\"Normal\">&nbsp;Todo sobre el Bacalado<\/span><\/li>\n<li><a class=\"v\" href=\"http:\/\/www.torres.es\/\" target=\"_blank\">Torres<\/a>&nbsp;Bodega<\/li>\n<li><a class=\"v\" href=\"http:\/\/www.acocinar.com\/\" target=\"_blank\">A cocinar<\/a><\/li>\n<li><a class=\"v\" href=\"http:\/\/www.iagora.com\/\" target=\"_blank\">Cocina Internacional<\/a><\/li>\n<li><a class=\"v\" href=\"http:\/\/www.recetario.com\/\" target=\"_blank\">Recetario<\/a><\/li>\n<li><a class=\"v\" href=\"http:\/\/www.delicass.com\/\" target=\"_blank\">Delicass<\/a><span class=\"Normal\">&nbsp;Alimentos selectos<\/span><\/li>\n<li><a class=\"v\" href=\"http:\/\/www.salseando21.com\/\" target=\"_blank\">Salseando21<\/a><\/li>\n<li><a class=\"v\" href=\"http:\/\/www.civila.com\/hispania\/cocinamonacal\/\" target=\"_blank\">Cocina Monacal<\/a><\/li>\n<li><a class=\"v\" href=\"http:\/\/www.todomarisco.com\/\" target=\"_blank\">Todo Marisco<\/a><\/li>\n<li><a class=\"v\" href=\"http:\/\/www.laservilleta.com\/\" target=\"_blank\">La servilleta<\/a><span class=\"Normal\">&nbsp;Gastronom&iacute;a, recetes y algo mas&#8230;<\/span><\/li>\n<li><a class=\"v\" href=\"http:\/\/www.terra.es\/gastronomia\/\" target=\"_blank\">Gastronomia<\/a><span class=\"Normal\">&nbsp;Desde Terra<\/span><\/li>\n<li><a class=\"v\" href=\"http:\/\/www.bienvivir.com\/\" target=\"_blank\">Bien vivir<\/a><span class=\"Normal\">&nbsp;Restaurantes, hoteles, viajes,&#8230;<\/span><\/li>\n<li><a class=\"v\" href=\"http:\/\/www.enlacocina.com\/\" target=\"_blank\">En la cocina<\/a><span class=\"Normal\">&nbsp;&iquest;que comemos hoy?<\/span><\/li>\n<li><a class=\"v\" href=\"http:\/\/www.terra.es\/personal7\/anarecetacocina\" target=\"_blank\">Ana y sus recetas de cocina<\/a><span class=\"Normal\">&nbsp;Portal sobre cocina<\/span><\/li>\n<li><a class=\"v\" href=\"http:\/\/www.hispawines.com\/\" target=\"_blank\">Hispawines.com<\/a><span class=\"Normal\">&nbsp;Portal especializado en la venta de vino espa&ntilde;ol por internet<\/span><\/li>\n<li><a class=\"v\" href=\"http:\/\/es.geocities.com\/cocinandopasoapaso\" target=\"_blank\">Cocinando paso a paso<\/a><span class=\"Normal\">&nbsp;Web gastron&oacute;mica en la que podr&aacute;s aprender a cocinar chateando.<\/span><\/li>\n<li><a class=\"v\" href=\"http:\/\/www.solovegetales.com\/\" target=\"_blank\">SoloVegetales<\/a><span class=\"Normal\">&nbsp;Recetario ovo-lacto-vegetariano de calidad.<\/span><\/li>\n<li><a class=\"v\" href=\"http:\/\/www.telefonica.net\/c\/danielbotana\" target=\"_blank\">Los Botanas<\/a><span class=\"Normal\">&nbsp;Web de la familia de los Botanas (con recetas).<\/span><\/li>\n<li><a class=\"v\" href=\"http:\/\/www.eurogourmet.net\/\" target=\"_blank\">Eurogourmet<\/a><span class=\"Normal\">&nbsp;El portal de la Gastronom&iacute;a.<\/span><\/li>\n<li><a class=\"v\" href=\"http:\/\/www.terra.es\/personal2\/carort\" target=\"_blank\">La cocina de Carmen.<\/a><span class=\"Normal\">&nbsp;Recetas de cocina.<\/span><\/li>\n<li><a class=\"v\" href=\"http:\/\/www.eileenpasteleria.com.ar\/\" target=\"_blank\">Eileen Schmidt<\/a><span class=\"Normal\">&nbsp;Pasteler&iacute;a tradicional.<\/span><\/li>\n<li><a class=\"v\" href=\"http:\/\/www.gallinablanca.es\/\" target=\"_blank\">Gallina Blanca<\/a><span class=\"Normal\">&nbsp;Con Soluciones Gallina Blanca la cocina no tendr&aacute; secretos para ti.<\/span><\/li>\n<li><span class=\"Normal\"><a title=\"con la panza llena\" href=\"http:\/\/www.conlapanzallena.com.ar\/index.php?option=com_weblinks&amp;catid=18&amp;Itemid=23\" target=\"_blank\">Con la Panza Llena<\/a>. Solo cosas ricas.<\/span><\/li>\n<li><span class=\"Normal\"><a title=\"cocina del mundo\" href=\"http:\/\/www.cocinadelmundo.com\/\" target=\"_blank\">Cocina del Mundo<\/a>. Recetas de todo el mundo.<\/span><\/li>\n<li><span class=\"Normal\"><a title=\"mundo recetas\" href=\"http:\/\/www.mundorecetas.com\/\" target=\"_blank\">Mundo Recetas<\/a>. Recetas de cocina.<\/span><\/li>\n<li><span class=\"Normal\"><a title=\"bien casero\" href=\"http:\/\/www.biencasero.com\/\" target=\"_blank\">Bien Casero<\/a>. Recetas ricas, pr&aacute;cticas y sabrosas.<\/span><\/li>\n<li><span class=\"Normal\"><a title=\"el gourmet\" href=\"http:\/\/elgourmet.com\/\" target=\"_blank\">El Gourmet<\/a>. Sitio de cocina y m&aacute;s.<\/span><\/li>\n<li><span class=\"Normal\"><a title=\"zona diet\" href=\"http:\/\/www.zonadiet.com\/\" target=\"_blank\">Zona Diet<\/a>. Nutrici&oacute;n, alimentaci&oacute;n y salud.<\/span><\/li>\n<li><span class=\"Normal\"><a title=\"Util&iacute;sima\" href=\"http:\/\/www.utilisima.com\/recetas\/\" target=\"_blank\">Utilisima<\/a>. Recetas<br \/><\/span><\/li>\n<li><span class=\"Normal\"><a href=\"http:\/\/www.apicius.es\/\" target=\"_blank\">Apicius: magazine digital de gastronom&iacute;a<\/a><br \/><span>Revista de gastronom&iacute;a con secciones de cocina magazine digital de gastronom&iacute;a pasteler&iacute;a, panader&iacute;a y vinos. Todos los art&iacute;culos a texto completo.<\/span><br \/><\/span><\/li>\n<li><span class=\"Normal\"><span><a rel=\"nofollow\" href=\"http:\/\/www.ltn.net\/il\/ww:w.megarevista:s.com\/ambrosia\/\" target=\"_blank\">Ambros&iacute;a: revista sobre gastronom&iacute;a<\/a><br \/><span>Ocio: Ambros&iacute;a, Gastronom&iacute;a Revistas&nbsp;<\/span><br \/><span>Revista electr&oacute;nica de cocina y gastronom&iacute;a: incluye recetas revista sobre gastronom&iacute;a d&oacute;nde comer, vinos y consejos culinarios. Todos los art&iacute;culos a texto completo.<\/span><br \/><\/span><\/span><\/li>\n<li><span class=\"Normal\"><span><span><a href=\"http:\/\/www.knorr.com.ar\/inicio\/recetas-para-sorprender\/?gclid=CJ7lksCqlLECFQoFnQodPDA_gg\" target=\"_blank\">Recetas Knorr para sorprender.<\/a><\/span><\/span><\/span><\/li>\n<li><span class=\"Normal\"><a title=\"La Salte&ntilde;a\" href=\"http:\/\/www.lasaltena.com\/Piquitos_de_Rucula%2c_Champignon_y_Queso-s-57.aspx?gclid=CO3CtdrUoLECFQLpnAod4UgxYQ\" target=\"_blank\">Recetas La Salte&ntilde;a<\/a>. Cada vez m&aacute;s ricas y m&aacute;s f&aacute;cil<\/span><\/li>\n<li><span class=\"Normal\"><span><a href=\"http:\/\/elgourmet.com\/\" target=\"_blank\">El Gourmet.<\/a><\/span><\/span><\/li>\n<li><span class=\"Normal\"><a href=\"http:\/\/recetas-online.com.ar\/\" target=\"_blank\">Recetas online<\/a><\/span><\/li>\n<li><a title=\"El placer de invitar\" href=\"http:\/\/www.elplacerdeinvitar.com.ar\/\" target=\"_blank\">El placer de invitar<\/a>. Cocina Pr&aacute;ctica de Mar&iacute;a Adela Baldi<\/li>\n<li><a title=\"Hoy cocino\" href=\"http:\/\/www.hoycocino.com.ar\/\" target=\"_blank\">Hoy Cocino<\/a><\/li>\n<li><a title=\"Recetas tucumanas\" href=\"http:\/\/www.lasrecetasdelchef.net\/empanadas\/empa14.html\" target=\"_blank\">Recetas Tucumanas<\/a><\/li>\n<li><a title=\"Qu&eacute; ricas recetas\" href=\"http:\/\/quericasrecetas.com.ar\/empanadas-tucumanas\/\" target=\"_blank\">Qu&eacute; ricas recetas<\/a><\/li>\n<li><a title=\"Sabor Gourmet\" href=\"http:\/\/saborgourmet.com\/\" target=\"_blank\">Sabor Gourmet<\/a><\/li>\n<\/ol>\n<p><\/p>\n","protected":false},"excerpt":{"rendered":"<p>Las mejores Web Top de Cocina, Pasteler&iacute;a y Cosas Ricas Karlos Argui&ntilde;ano La Cocina de Jaime.&nbsp;Blog de un chef en casa por Jaime Radusky Cocina de Laura Maru Botana. Blog de Tortas Oliver Balteo. Blog del Chef formador Enrique Fr&iacute;as. Blog del Chef Ingenier&iacute;a Gastron&oacute;mica A la Mesa El Gran Chef. Comidas navide&ntilde;as argentinas Comunidad &#8230; <a title=\"Formaci\u00f3n T\u00e9cnica Superior en Gastronom\u00eda\" class=\"read-more\" href=\"https:\/\/iesfa-tuc.infd.edu.ar\/sitio\/formacion-tecnica-superior-en-gastronomia\/\" aria-label=\"More on Formaci\u00f3n T\u00e9cnica Superior en Gastronom\u00eda\">[+]<\/a><\/p>\n","protected":false},"author":1468,"featured_media":0,"parent":0,"menu_order":0,"comment_status":"closed","ping_status":"closed","template":"","meta":[],"acf":[],"_links":{"self":[{"href":"https:\/\/iesfa-tuc.infd.edu.ar\/sitio\/wp-json\/wp\/v2\/pages\/968"}],"collection":[{"href":"https:\/\/iesfa-tuc.infd.edu.ar\/sitio\/wp-json\/wp\/v2\/pages"}],"about":[{"href":"https:\/\/iesfa-tuc.infd.edu.ar\/sitio\/wp-json\/wp\/v2\/types\/page"}],"author":[{"embeddable":true,"href":"https:\/\/iesfa-tuc.infd.edu.ar\/sitio\/wp-json\/wp\/v2\/users\/1468"}],"replies":[{"embeddable":true,"href":"https:\/\/iesfa-tuc.infd.edu.ar\/sitio\/wp-json\/wp\/v2\/comments?post=968"}],"version-history":[{"count":0,"href":"https:\/\/iesfa-tuc.infd.edu.ar\/sitio\/wp-json\/wp\/v2\/pages\/968\/revisions"}],"wp:attachment":[{"href":"https:\/\/iesfa-tuc.infd.edu.ar\/sitio\/wp-json\/wp\/v2\/media?parent=968"}],"curies":[{"name":"wp","href":"https:\/\/api.w.org\/{rel}","templated":true}]}}