{"id":991,"date":"2018-08-31T16:49:00","date_gmt":"2018-08-31T19:49:00","guid":{"rendered":"https:\/\/iesfa-tuc.infd.edu.ar\/sitio\/sugerencias-y-consultas\/"},"modified":"2018-08-31T16:49:00","modified_gmt":"2018-08-31T19:49:00","slug":"sugerencias-y-consultas","status":"publish","type":"page","link":"https:\/\/iesfa-tuc.infd.edu.ar\/sitio\/sugerencias-y-consultas\/","title":{"rendered":"Sugerencias y consultas"},"content":{"rendered":"\n<div class=\"wpcf7 no-js\" id=\"wpcf7-f926-o1\" lang=\"es-ES\" dir=\"ltr\">\n<div class=\"screen-reader-response\"><p role=\"status\" aria-live=\"polite\" aria-atomic=\"true\"><\/p> <ul><\/ul><\/div>\n<form action=\"\/sitio\/wp-json\/wp\/v2\/pages\/991#wpcf7-f926-o1\" method=\"post\" class=\"wpcf7-form init\" aria-label=\"Formulario de contacto\" novalidate=\"novalidate\" data-status=\"init\">\n<div style=\"display: none;\">\n<input type=\"hidden\" name=\"_wpcf7\" value=\"926\" \/>\n<input type=\"hidden\" name=\"_wpcf7_version\" value=\"5.7.7\" \/>\n<input type=\"hidden\" name=\"_wpcf7_locale\" value=\"es_ES\" \/>\n<input type=\"hidden\" name=\"_wpcf7_unit_tag\" value=\"wpcf7-f926-o1\" \/>\n<input type=\"hidden\" name=\"_wpcf7_container_post\" value=\"0\" \/>\n<input type=\"hidden\" name=\"_wpcf7_posted_data_hash\" value=\"\" \/>\n<input type=\"hidden\" name=\"_wpcf7_recaptcha_response\" value=\"\" \/>\n<\/div>\n<p><label>\u00bfSobre qu\u00e9 \u00e1rea disciplinar le gustar\u00eda capacitarse?<br \/>\n<span class=\"wpcf7-form-control-wrap\" data-name=\"your-sobre-que-area-disciplinar-le-gustaria-capacitarse\"><textarea cols=\"40\" rows=\"10\" class=\"wpcf7-form-control wpcf7-textarea\" aria-invalid=\"false\" name=\"your-sobre-que-area-disciplinar-le-gustaria-capacitarse\"><\/textarea><\/span><\/label>\n<\/p>\n<p><label><b>* Especifique tem\u00e1tica del \u00e1rea<\/b><br \/>\n<span class=\"wpcf7-form-control-wrap\" data-name=\"your-especifique-tematica-del-area\"><textarea cols=\"40\" rows=\"10\" class=\"wpcf7-form-control wpcf7-textarea wpcf7-validates-as-required\" aria-required=\"true\" aria-invalid=\"false\" name=\"your-especifique-tematica-del-area\"><\/textarea><\/span><\/label>\n<\/p>\n<p><label><b>* \u00bfC\u00f3mo podemos contribuir a su actualizaci\u00f3n y capacitaci\u00f3n docente?<\/b><br \/>\n<span class=\"wpcf7-form-control-wrap\" data-name=\"your-como-podemos-contribuir-a-su-actualizacion-y-capacitacion-docente\"><textarea cols=\"40\" rows=\"10\" class=\"wpcf7-form-control wpcf7-textarea wpcf7-validates-as-required\" aria-required=\"true\" aria-invalid=\"false\" name=\"your-como-podemos-contribuir-a-su-actualizacion-y-capacitacion-docente\"><\/textarea><\/span><\/label>\n<\/p>\n<p>(*) Los campos son obligatorios.\n<\/p>\n\n<p><input class=\"wpcf7-form-control has-spinner wpcf7-submit\" type=\"submit\" value=\"Enviar\" \/>\n<\/p><p style=\"display: none !important;\"><label>&#916;<textarea name=\"_wpcf7_ak_hp_textarea\" cols=\"45\" rows=\"8\" maxlength=\"100\"><\/textarea><\/label><input type=\"hidden\" id=\"ak_js_1\" name=\"_wpcf7_ak_js\" value=\"87\"\/><script>document.getElementById( \"ak_js_1\" ).setAttribute( \"value\", ( new Date() ).getTime() );<\/script><\/p><div class=\"wpcf7-response-output\" aria-hidden=\"true\"><\/div>\n<\/form>\n<\/div>\n\n","protected":false},"excerpt":{"rendered":"","protected":false},"author":1468,"featured_media":0,"parent":0,"menu_order":0,"comment_status":"closed","ping_status":"closed","template":"","meta":[],"acf":[],"_links":{"self":[{"href":"https:\/\/iesfa-tuc.infd.edu.ar\/sitio\/wp-json\/wp\/v2\/pages\/991"}],"collection":[{"href":"https:\/\/iesfa-tuc.infd.edu.ar\/sitio\/wp-json\/wp\/v2\/pages"}],"about":[{"href":"https:\/\/iesfa-tuc.infd.edu.ar\/sitio\/wp-json\/wp\/v2\/types\/page"}],"author":[{"embeddable":true,"href":"https:\/\/iesfa-tuc.infd.edu.ar\/sitio\/wp-json\/wp\/v2\/users\/1468"}],"replies":[{"embeddable":true,"href":"https:\/\/iesfa-tuc.infd.edu.ar\/sitio\/wp-json\/wp\/v2\/comments?post=991"}],"version-history":[{"count":0,"href":"https:\/\/iesfa-tuc.infd.edu.ar\/sitio\/wp-json\/wp\/v2\/pages\/991\/revisions"}],"wp:attachment":[{"href":"https:\/\/iesfa-tuc.infd.edu.ar\/sitio\/wp-json\/wp\/v2\/media?parent=991"}],"curies":[{"name":"wp","href":"https:\/\/api.w.org\/{rel}","templated":true}]}}